{"id":34,"date":"2013-01-26T20:31:44","date_gmt":"2013-01-26T19:31:44","guid":{"rendered":"http:\/\/www.lion-of-judah.eu\/vh\/?page_id=34"},"modified":"2013-01-26T20:31:44","modified_gmt":"2013-01-26T19:31:44","slug":"uber-die-mitgliedschaft","status":"publish","type":"page","link":"https:\/\/vorratshaus.lion-of-judah.net\/?page_id=34","title":{"rendered":"Teil des Lion of Judah werden"},"content":{"rendered":"<h1>\u00dcber die Partnerschaft<\/h1>\n<p><strong>Warum eine Partnerschaft?<\/strong><\/p>\n<p>Wir nennen es Partnerschaft &#8211; im griechischen Urtext des neuen Testaments steht das Wort ekklaesia was gemeinhin mit Kirche \u00fcbersetzt wird, aber eigentlich \u00fcberhaupt nichts mit Geb\u00e4uden und Mauern zu tun hat. Besser ist da schon die \u00dcbersetzung mit Gemeinde, jedoch urspr\u00fcnglich versteht sich ekklaesia in biblischem Sinn als eine Versammlung \/ Zusammenkunft von Menschen die Jesus Christus als ihren pers\u00f6nlichen Erl\u00f6ser und Herrn anerkennen &#8211; und dies ist auch die einzige Voraussetzung die Du erf\u00fcllen solltest um ein Teil von Lion of Judah zu werden.<br \/>\nLaut Apostelgeschichte Kapitel 2, Vers 42 ist die Gemeinschaft der Christen untereinander ein unverzichtbares Merkmal der Gemeinde Jesu &#8211; und das aus gutem Grund (&#8230; oder besser vielen guten Gr\u00fcnden). Einige sind schon auf der Startseite erw\u00e4hnt worden wie zum Beispiel da\u00df ein gesunder, funktionierender K\u00f6rper aus vielen harmonisch zusammenarbeitenden Teilen besteht; aber die Gemeinschaft miteinander dient auch unserem ganz pers\u00f6nlichen Schutz. Die Bibel steckt von Anfang bis Ende voller Hinweise da\u00df ein einzelner auf Dauer nicht bestehen kann sondern zwangsl\u00e4ufig zu Fall kommt. Als Christen sind wir keine erfolgreichen Einzelk\u00e4mpfer &#8211; zumindest nicht sehr lange. Selbst die Apostel sind nicht allein losgezogen sondern hatten immer gl\u00e4ubige Geschwister in ihrer Begleitung.<br \/>\nAuch wenn wir die ganze Waffenr\u00fcstung Gottes (vergl. Epheser Kapitel 6, die Verse 11 &#8211; 17) angelegt und den Umgang mit ihr gelernt haben, ist unser R\u00fccken doch noch immer sehr verwundbar. Wir brauchen einen Bruder oder eine Schwester damit wir uns gegenseitig vor allen Angriffen aus dem Hinterhalt sch\u00fctzen k\u00f6nnen; einen Menschen der uns Deckung gibt und uns wieder auf die Beine hilft wenn wir st\u00fcrzen.<\/p>\n<h5>Die Gemeinschaft, sei es pers\u00f6nlich oder die Verbindung \u00fcber Internet, Telefon und Post bedeuten Schutz f\u00fcr jeden von uns.<\/h5>\n<p><strong>Ich geh\u00f6re doch schon zu einer Gemeinde oder Kirche!<\/strong><\/p>\n<p>Super, es ist ja auch biblisch als Christ zu einer \u00f6rtlichen Gemeinde zu geh\u00f6ren, die meisten von uns tun das ebenfalls und alle anderen k\u00f6nnen wir nur dazu ermutigen.<br \/>\nWir wollen auch keine Gemeinde ersetzen sondern erg\u00e4nzen, denn der Leib Jesu ist eben nicht auf ein Dorf, eine Stadt oder ein Land beschr\u00e4nkt &#8211; er erstreckt sich um unsere ganze Welt. Wir haben Br\u00fcder und Schwestern in allen Nationen, vielen davon geht es nicht so gut wie uns und sie w\u00e4ren f\u00fcr unseren Beistand dankbar, manche werden sogar verfolgt und wegen ihres Bekenntnisses zu Jesus Christus mit dem Tode bedroht &#8211; aber alle sind ein Teil unserer Familie und jeder einzelne ist eine Bereicherung f\u00fcr uns selbst.<br \/>\nUnmittelbar bevor Jesus in den Himmel aufgefahren ist um sich dort als der L\u00f6we aus dem Stamme Judah auf seinen Thron zu setzen, sagte Er noch zu seinen J\u00fcngern: Geht hin in die ganze Welt und predigt das Evangelium der ganzen Sch\u00f6pfung! (Markus Kapitel 16, Vers 15). Ja, da\u00df das Evangelium bis an die Enden der ganzen Welt gepredigt wird ist sogar eine Bedingung f\u00fcr die Wiederkehr Jesus (Matth\u00e4us Kapitel 24, Vers 14 ). Klar kann jetzt nicht jeder von uns den Job hinschmei\u00dfen, die Familie verlassen und losziehen &#8230; aber wir denken auch nicht, da\u00df Jesus das von uns allen verlangt. Allerdings ist, durch die M\u00f6glichkeiten unserer Zeit, auch eine neue Gemeindestruktur entstanden die Entfernung, Grenzen, Nationalit\u00e4ten und Unterschiedlichkeiten durch das Medium Internet im Geist \u00fcberschreitet&#8230; und w\u00e4re es nicht m\u00f6glich, da\u00df Gott ausgerechnet einem Bruder oder einer Schwester in Afrika oder Asien die L\u00f6sung f\u00fcr Dein Problem aufs Herz legt?<\/p>\n<p><strong>Ich bin zu alt oder zu jung<\/strong><\/p>\n<p>Derzeit ist unser j\u00fcngstes Mitglied gerade mal 18, unser \u00e4ltestes wird demn\u00e4chst 74 Jahre alt.<br \/>\nUnd da gibt&#8217;s sowohl nach oben als auch nach unten noch ne Menge Luft &#8211; also los, wir freuen uns darauf Dich kennenzulernen!<\/p>\n<p><strong>Warum gerade 12?<br \/>\n<\/strong><\/p>\n<p>Die 12 Euro Jahresbeitrag sind eigentlich mehr ein symbolischer Betrag.<br \/>\nDas Wichtigste war uns allen, keinen Menschen der zu Lion of Judah geh\u00f6ren will wegen Finanznot auszuschlie\u00dfen &#8211; und einen Euro im Monat wird jeder Sch\u00fcler aufbringen k\u00f6nnen. Da\u00df dieser Betrag nicht mal die Verwaltungskosten f\u00fcr die Mitglieder deckt ist dabei zweitrangig, wir vertrauen darauf da\u00df unser Herr Jesus auch in der Lage ist Seinen Dienst zu versorgen.<\/p>\n<p>Die Zw\u00f6lf ist eine Zahl der Vollendung. Sie bedeutet auch Vollkommenheit der Regierung oder der staatlichen Perfektion. Unser Jahr hat 12 Monate mit 12 Mondzyklen, es sind 12 Tierkreiszeichen. Jeder Tag und jede Nacht werden in 12 Stunden eingeteilt, auch eine Oktave besteht aus 12 Halbtonschritten. Die 12 findet sich seit vorgeschichtlicher Zeit als mythische Zahl in vielen Kulturen rund um den Globus.<\/p>\n<p>Aber die Zahl 12 hat auch eine besondere biblische Bedeutung. Ja sie zieht sich buchst\u00e4blich vom Anfang des Bundesvolkes Gottes, den 12 St\u00e4mmen Israels \u00fcber das erste Auftreten unseres Herrn Jesus in der \u00d6ffentlichkeit mit 12 Jahren (Lukas Kapitel 2, Vers 42 ), seinen 12 J\u00fcngern und den Aposteln bis in die ferne Zukunft, dem Erscheinen des himmlischen Jerusalems, mit seinen 12 Grundsteinen, geschm\u00fcckt mit 12 Sorten von Edelsteinen, seinen 12 Toren aus 12 Perlen mit 12 Engeln daran, seinen Ma\u00dfen von 12000 Stadien und seiner Mauer von 144 (12 x 12) Ellen (Offenbarung Kapitel 21), durch die ganze Bibel. Ach ja, auch die B\u00e4ume des Lebens werden 12 mal im Jahr Frucht tragen :-).<\/p>\n<p>Das sind nur einige Hinweise und k\u00f6nnen nat\u00fcrlich durch viele weitere Bibelstellen vervollkommnet werden. Es soll Dir nur einen kleines Verst\u00e4ndnis geben, warum der heilige Geist die Zahl 12 f\u00fcr die Partnerschaft in unser Ohr gefl\u00fcstert hat. Alles was Du hier auf diesen Seiten liest, wurde und wird in enger Zusammenarbeit mit dem einen wahren Gott der auch heute durch seinen heiligen Geist hier auf Erden erfahrbar ist, formuliert und gestaltet. Falls Du Anregungen oder Verbesserungsvorschl\u00e4ge hast&#8230; kontaktiere uns, wir sind f\u00fcr jede Hilfe dankbar und wenn es sein Wille ist, werden wir versuchen es schnellstm\u00f6glichst umzusetzen.<\/p>\n<h6><strong><strong><strong><strong>Zu was verpflichtet mich das?<br \/>\n<\/strong><\/strong><\/strong><\/strong><\/h6>\n<p>Au\u00dfer Deinen 12 Euro Beitrag zu rein gar nichts!<\/p>\n<p>Alles was Du mit und f\u00fcr Lion of Judah tun m\u00f6chtest geschieht auf freiwilliger Basis.<\/p>\n<p>so stellt sich f\u00fcr Dich die Frage, warum nicht?!&#8230; bitte bete, ob es nicht vielleicht auch f\u00fcr Dich an der Zeit ist dieses kleine Opfer zu bringen um das Reich Gottes durch diesen Dienst voran zu bringen.<br \/>\nWerde ein Teil dieses Werkes unseres Herrn Jesus Christus, bleibe durch unser Gebetsteam abgedeckt und erlebe es immer mehr im Segen zu leben.<br \/>\nVielen Dank, Geliebte(r) des Herrn, da\u00df Du dar\u00fcber nachdenkst&#8230;<\/p>\n<h6>Antrag zur B\u00fcndnispartnerschaft<\/h6>\n<p>Der untenstehende Link f\u00fchrt Dich zu unserem Partnerantrag im PDF Format. Du kannst Ihn mit dem kostenlosen Adobe PDF Reader an Deinem Computer ausf\u00fcllen und danach ausdrucken oder gleich drucken und von Hand ausf\u00fcllen.<br \/>\nDa wir (wegen der gesetzlichen Vorschriften) eine orginal Unterschrift f\u00fcr die Partnerschaft brauchen, mu\u00dft Du uns den Antrag auf dem Postweg zusenden &#8211; oder gern auch vorbeibringen damit wir uns pers\u00f6nlich kennen lernen k\u00f6nnen \ud83d\ude42 .<br \/>\nGleich nach Eingang Deines Beitrages senden wir Dir Deine Zugangsdaten um Dich in den Mitglieder-Bereich einzuloggen.<\/p>\n<p><a href=\"https:\/\/lion-of-judah.eu\/download\/d\/partnerDE.pdf\" target=\"_blank\" rel=\"noopener\"> Antrag zur B\u00fcndnispartnerschaft \u00f6ffnen <\/a><\/p>\n","protected":false},"excerpt":{"rendered":"<p>\u00dcber die Partnerschaft Warum eine Partnerschaft? Wir nennen es Partnerschaft &#8211; im griechischen Urtext des neuen Testaments steht das Wort ekklaesia was gemeinhin mit Kirche \u00fcbersetzt wird, aber eigentlich \u00fcberhaupt nichts mit Geb\u00e4uden und Mauern zu tun hat. Besser ist da schon die \u00dcbersetzung mit Gemeinde, jedoch urspr\u00fcnglich versteht sich ekklaesia in biblischem Sinn als [&hellip;]<\/p>\n","protected":false},"author":3,"featured_media":0,"parent":0,"menu_order":0,"comment_status":"open","ping_status":"open","template":"","meta":{"footnotes":""},"class_list":["post-34","page","type-page","status-publish","hentry"],"_links":{"self":[{"href":"https:\/\/vorratshaus.lion-of-judah.net\/index.php?rest_route=\/wp\/v2\/pages\/34","targetHints":{"allow":["GET"]}}],"collection":[{"href":"https:\/\/vorratshaus.lion-of-judah.net\/index.php?rest_route=\/wp\/v2\/pages"}],"about":[{"href":"https:\/\/vorratshaus.lion-of-judah.net\/index.php?rest_route=\/wp\/v2\/types\/page"}],"author":[{"embeddable":true,"href":"https:\/\/vorratshaus.lion-of-judah.net\/index.php?rest_route=\/wp\/v2\/users\/3"}],"replies":[{"embeddable":true,"href":"https:\/\/vorratshaus.lion-of-judah.net\/index.php?rest_route=%2Fwp%2Fv2%2Fcomments&post=34"}],"version-history":[{"count":0,"href":"https:\/\/vorratshaus.lion-of-judah.net\/index.php?rest_route=\/wp\/v2\/pages\/34\/revisions"}],"wp:attachment":[{"href":"https:\/\/vorratshaus.lion-of-judah.net\/index.php?rest_route=%2Fwp%2Fv2%2Fmedia&parent=34"}],"curies":[{"name":"wp","href":"https:\/\/api.w.org\/{rel}","templated":true}]}}