{"id":295,"date":"2016-05-29T16:00:48","date_gmt":"2016-05-29T14:00:48","guid":{"rendered":"http:\/\/www.lion-of-judah.eu\/vh\/?page_id=295"},"modified":"2016-05-29T16:00:48","modified_gmt":"2016-05-29T14:00:48","slug":"errettung","status":"publish","type":"page","link":"https:\/\/vorratshaus.lion-of-judah.net\/?page_id=295","title":{"rendered":"Errettung? !!!"},"content":{"rendered":"<h1>Jeder braucht Errettung&#8230; auch Du&#8230;<\/h1>\n<h1>WARUM?<\/h1>\n<p>die Antwort darauf gibt Gottes heiliges Wort &#8222;Die Bibel&#8220;.<br \/>\nDie meisten von uns haben nicht nach Gott gefragt &#8211; das hei\u00dft, wir haben unseren Lebensstil nicht seinen Geboten untergeordnet, sondern wir haben nach unseren eigenen W\u00fcnschen gelebt.<\/p>\n<h5>Die Bibel sagt die Wahrheit \u00fcber S\u00fcnde:<\/h5>\n<div id=\"script\">R\u00f6mer 3, Vers 11+12<br \/>\nDa ist keiner, der Gott sucht. Alle sind abgewichen, sie sind allesamt untauglich geworden.<br \/>\nR\u00f6mer 3 Vers 23<br \/>\nDenn alle haben ges\u00fcndigt, und ermangeln der Herrlichkeit Gottes.<\/div>\n<p>&nbsp;<\/p>\n<h5>Wahrheit \u00fcber die von uns bewirkte Trennung von Gott:<\/h5>\n<div id=\"script\">Jesaja 59, Vers 2<br \/>\nEure Ungerechtigkeiten (Schulden) sind zu Scheidew\u00e4nden geworden, zwischen Euch und Eurem Gott und Eure S\u00fcnden verbergen sein Angesicht vor Euch, da\u00df er Euch nicht erh\u00f6ren kann.<\/div>\n<p>&nbsp;<\/p>\n<h5>Wahrheit \u00fcber das kommende Gericht:<\/h5>\n<div id=\"script\">R\u00f6mer 6, Vers 23<br \/>\nDer Lohn der S\u00fcnde ist der Tod, die Gnadengabe Gottes aber ewiges Leben in Christus Jesus, unserem Herrn.<\/div>\n<p>&#8230; deshalb mein Freund, brauchst auch Du Errettung&#8230; wir werden nicht an Massenm\u00f6rdern, Vergewaltigern, Bankr\u00e4ubern oder sonstigen Kriminellen gemessen (denn die Gnade der Errettung, gilt auch f\u00fcr Sie)&#8230; sondern an den 10 Geboten die Gott dem Mose am Berg Sinai gegeben hat&#8230; siehe 2. Mose 20 Verse 1-21.<br \/>\nDiese Gebote haben wir alle mannigfaltig \u00fcbertreten, missachtet, verspottet, ignoriert und damit diese enorme Trennung von Gott bewirkt!!!<\/p>\n<h5>Wahrheit der Erl\u00f6sung:<\/h5>\n<p>Doch es gibt Errettung, du Menschenkind&#8230; seine gro\u00dfe Liebe f\u00fcr Dich, hat das erm\u00f6glicht&#8230; durch JESUS Christus&#8230; und sein Opfer f\u00fcr Dich am Kreuz von Golgatha&#8230; nur er allein macht es \u00fcberhaupt m\u00f6glich, da\u00df diese Trennung aufgehoben werden kann&#8230;<\/p>\n<div id=\"script\">R\u00f6mer 5, Vers 8-9<br \/>\nGott aber beweist seine Liebe gegen uns darin, da\u00df Christus, als wir noch S\u00fcnder waren, f\u00fcr uns gestorben ist.<\/p>\n<p>Jesaja 53, Vers 6<br \/>\nWir alle irrten umher wie Schafe, ein jeder wandte sich auf seinen eigenen Weg; aber der Herr lud auf ihn, die Schuld von uns allen.<\/p><\/div>\n<p>&nbsp;<\/p>\n<h5>Wahrheit, da\u00df wir ihn aufnehmen m\u00fcssen um gerettet zu werden&#8230;<\/h5>\n<div id=\"script\">Johannes 1 Vers 12<br \/>\n&#8230; soviel ihn aber aufnahmen, denen gab er das Recht Kinder Gottes zu werden.<\/p>\n<p>R\u00f6mer 10 Vers 9<br \/>\n&#8230; denn wenn Du mit Deinem Mund bekennst: &#8222;JESUS IST DER HERR&#8220; und in Deinem Herzen glaubst: Gott hat ihn von den Toten auferweckt, so wirst Du gerettet.<\/p><\/div>\n<div><\/div>\n<p>Deshalb, wenn auch Du zu Gottes Familie geh\u00f6ren willst, sprich gerade jetzt dieses Gebet laut:<\/p>\n<div id=\"prayer\" align=\"center\">Vater im Himmel,<br \/>\ndanke, da\u00df Du Deinen Sohn gesandt hast aus Liebe zu mir.<br \/>\nDanke Jesus, da\u00df Du f\u00fcr meine S\u00fcnden ans Kreuz gegangen bist und mir jetzt und heute alles vergibst, was ich falsch gemacht habe.<br \/>\nIch lade Dich ein der Herr meines Lebens zu sein.<br \/>\nBitte komme in mein Herz, ich lasse Dich herein, denn ich sp\u00fcre dein Anklopfen.<\/div>\n<p>Halleluja&#8230; Wenn Du dies aus ehrlichem Herzen gebetet hast, beginnt jetzt ein neues, besseres Leben f\u00fcr Dich, mein Bruder\/meine Schwester&#8230; Du bist nie mehr allein&#8230; Jesus ist von nun an immer bei Dir denn Du geh\u00f6rst jetzt zu Gottes Familie!<\/p>\n<p>Wenn Du gebetet hast &#8211; oder Du Fragen hast, nimm einfach Kontakt mit uns auf. Es w\u00fcrde uns sehr freuen von Dir zu h\u00f6ren.<\/p>\n","protected":false},"excerpt":{"rendered":"<p>Jeder braucht Errettung&#8230; auch Du&#8230; WARUM? die Antwort darauf gibt Gottes heiliges Wort &#8222;Die Bibel&#8220;. Die meisten von uns haben nicht nach Gott gefragt &#8211; das hei\u00dft, wir haben unseren Lebensstil nicht seinen Geboten untergeordnet, sondern wir haben nach unseren eigenen W\u00fcnschen gelebt. Die Bibel sagt die Wahrheit \u00fcber S\u00fcnde: R\u00f6mer 3, Vers 11+12 Da [&hellip;]<\/p>\n","protected":false},"author":3,"featured_media":0,"parent":0,"menu_order":0,"comment_status":"closed","ping_status":"closed","template":"","meta":{"footnotes":""},"class_list":["post-295","page","type-page","status-publish","hentry"],"_links":{"self":[{"href":"https:\/\/vorratshaus.lion-of-judah.net\/index.php?rest_route=\/wp\/v2\/pages\/295","targetHints":{"allow":["GET"]}}],"collection":[{"href":"https:\/\/vorratshaus.lion-of-judah.net\/index.php?rest_route=\/wp\/v2\/pages"}],"about":[{"href":"https:\/\/vorratshaus.lion-of-judah.net\/index.php?rest_route=\/wp\/v2\/types\/page"}],"author":[{"embeddable":true,"href":"https:\/\/vorratshaus.lion-of-judah.net\/index.php?rest_route=\/wp\/v2\/users\/3"}],"replies":[{"embeddable":true,"href":"https:\/\/vorratshaus.lion-of-judah.net\/index.php?rest_route=%2Fwp%2Fv2%2Fcomments&post=295"}],"version-history":[{"count":0,"href":"https:\/\/vorratshaus.lion-of-judah.net\/index.php?rest_route=\/wp\/v2\/pages\/295\/revisions"}],"wp:attachment":[{"href":"https:\/\/vorratshaus.lion-of-judah.net\/index.php?rest_route=%2Fwp%2Fv2%2Fmedia&parent=295"}],"curies":[{"name":"wp","href":"https:\/\/api.w.org\/{rel}","templated":true}]}}