{"id":23,"date":"2013-01-26T18:24:02","date_gmt":"2013-01-26T17:24:02","guid":{"rendered":"http:\/\/www.lion-of-judah.eu\/vh\/?page_id=2"},"modified":"2020-09-21T09:46:39","modified_gmt":"2020-09-21T07:46:39","slug":"beispiel-seite","status":"publish","type":"page","link":"https:\/\/vorratshaus.lion-of-judah.net\/","title":{"rendered":"\u00dcber uns"},"content":{"rendered":"<h1><img loading=\"lazy\" decoding=\"async\" class=\"size-medium wp-image-3349 aligncenter\" src=\"http:\/\/vorratshaus.lion-of-judah.net\/wp-content\/uploads\/sites\/2\/2020\/09\/Masterbild-SW-Klein-242x300.jpg\" alt=\"\" width=\"242\" height=\"300\" srcset=\"https:\/\/vorratshaus.lion-of-judah.net\/wp-content\/uploads\/sites\/2\/2020\/09\/Masterbild-SW-Klein-242x300.jpg 242w, https:\/\/vorratshaus.lion-of-judah.net\/wp-content\/uploads\/sites\/2\/2020\/09\/Masterbild-SW-Klein-827x1024.jpg 827w, https:\/\/vorratshaus.lion-of-judah.net\/wp-content\/uploads\/sites\/2\/2020\/09\/Masterbild-SW-Klein-768x951.jpg 768w, https:\/\/vorratshaus.lion-of-judah.net\/wp-content\/uploads\/sites\/2\/2020\/09\/Masterbild-SW-Klein-1240x1536.jpg 1240w, https:\/\/vorratshaus.lion-of-judah.net\/wp-content\/uploads\/sites\/2\/2020\/09\/Masterbild-SW-Klein-1654x2048.jpg 1654w, https:\/\/vorratshaus.lion-of-judah.net\/wp-content\/uploads\/sites\/2\/2020\/09\/Masterbild-SW-Klein-624x773.jpg 624w\" sizes=\"auto, (max-width: 242px) 100vw, 242px\" \/><\/h1>\n<h1 style=\"text-align: center\">Willkommen bei Lion of Judah <strong>for all<br \/>\n<\/strong><\/h1>\n<p style=\"text-align: center\">Lion of Judah wurde 2009 als konfessions\u00fcbergreifender Dienst gl\u00e4ubiger Christen gegr\u00fcndet.<\/p>\n<p style=\"text-align: center\">Was uns verbindet ist der gemeinsame Glaube an den drei einigen Gott, den Sch\u00f6pfer aller Dinge und seinen Sohn Jesus Christus unseren Herrn und Retter, und den Heiligen Geist.<br \/>\nDie Ziele unserer Gemeinschaft wollen wir hier mit Hilfe einiger Bibelstellen darlegen.<\/p>\n<div id=\"script\" style=\"text-align: center\"><em><span style=\"color: #333399\">Johannes 3,16<\/span><\/em><br \/>\n<em><span style=\"color: #333399\">Denn also hat Gott die Welt geliebt, dass er seinen eingeborenen Sohn gab, damit alle, die an ihn glauben, nicht verloren gehen werden, sondern das ewige Leben haben.<\/span><\/em><\/div>\n<div style=\"text-align: center\"><\/div>\n<div style=\"text-align: center\"><em><span style=\"color: #333399\">Johannes 1,3<\/span><\/em><br \/>\n<em><span style=\"color: #333399\">Alles ist durch dasselbe entstanden; und ohne dasselbe ist auch nicht eines entstanden, was entstanden ist.<\/span><\/em><\/div>\n<div style=\"text-align: center\"><\/div>\n<div style=\"text-align: center\"><em><span style=\"color: #333399\">Johannes 15,12<\/span><\/em><br \/>\n<em><span style=\"color: #333399\">Dies ist mein Gebot, dass ihr einander liebt, wie ich euch geliebt habe.<\/span><\/em><\/div>\n<div style=\"text-align: center\"><\/div>\n<div style=\"text-align: center\"><em><span style=\"color: #333399\">R\u00f6mer 12,5<\/span><\/em><br \/>\n<em><span style=\"color: #333399\">So sind auch wir, die vielen, ein Leib in Christus, als einzelne aber untereinander Glieder.<\/span><\/em><\/div>\n<div style=\"text-align: center\"><\/div>\n<div style=\"text-align: center\"><em><span style=\"color: #333399\">Johannes 13,35<\/span><\/em><br \/>\n<em><span style=\"color: #333399\">Daran werden alle erkennen, dass ihr meine J\u00fcnger seid, wenn ihr Liebe untereinander habt.<\/span><\/em><\/div>\n<div style=\"text-align: center\"><\/div>\n<div style=\"text-align: center\"><em><span style=\"color: #333399\">Galater 6,2<\/span><\/em><br \/>\n<em><span style=\"color: #333399\">Einer trage des andern Last, so werdet ihr das Gesetz Christi erf\u00fcllen.<\/span><\/em><\/div>\n<div style=\"text-align: center\"><\/div>\n<p style=\"text-align: center\">Gott liebt die Vielfalt, ER hat kein Blatt wie ein anderes erschaffen, ja selbst jede Schneeflocke ist einzigartig um wie vieles mehr wir Menschen f\u00fcr die ER dies Universum gemacht hat!<br \/>\nWir sind davon \u00fcberzeugt, dass jeder Mensch von Gott geliebt und geschaffen ist&#8230; und wenn wir alle Kinder eines Vaters sind, sollten auch wir unsere Geschwister, alle Menschen jedes Standes, jeder Nationalit\u00e4t und Hautfarbe lieben.<br \/>\nWie Petrus erkennen durfte &#8222;sieht Gott die Person nicht an&#8220; das bedeutet er liebt den Obdachlosen genau so wie den Staatsmann, die Hausfrau ebenso wie den Manager und den Punker nicht weniger als den Priester.<br \/>\nWie Gottes Wort sagt, sind wir alle zusammen ein Leib in Christus, eine Einheit die sich aus vielen unterschiedlichen Organen und Gliedma\u00dfen mit unterschiedlichen Aufgaben zusammensetzt &#8211; und die doch nur zusammen voll funktionsf\u00e4hig ist.<br \/>\nEbenso haben wir als Pers\u00f6nlichkeit ein jeder seine St\u00e4rken und auch seine Schw\u00e4chen, wenn nun jeder Einzelne seine St\u00e4rken f\u00fcr die Gemeinschaft einsetzt wird es uns allen weit besser gehen und das Leben wird ein ganzes St\u00fcck &#8222;lebenswerter&#8220;.<br \/>\nSo ist es unser Anliegen Br\u00fccken zu bauen, Br\u00fccken zwischen jung und alt, Br\u00fccken zwischen den Geschlechtern, Br\u00fccken zwischen Menschen mit den verschiedensten pers\u00f6nlichen und kulturellen Hintergr\u00fcnden.<br \/>\nWir m\u00f6chten anderen Menschen mit unseren Gaben helfen &#8211; sei es durch Gemeinschaft, Gebet, F\u00fcrbitte, Bibellehre, Wellnesstips &#8230; oder auch ganz praktisch.<\/p>\n<h3 style=\"text-align: center\">Falls Du mehr Infos m\u00f6chtest &#8211; klicke auf den Link Vorstellung neben der Deutschland Flagge auf der Startseite&#8230; gerne beantworten wir Deine Fragen.<\/h3>\n<p>&nbsp;<\/p>\n","protected":false},"excerpt":{"rendered":"<p>Willkommen bei Lion of Judah for all Lion of Judah wurde 2009 als konfessions\u00fcbergreifender Dienst gl\u00e4ubiger Christen gegr\u00fcndet. Was uns verbindet ist der gemeinsame Glaube an den drei einigen Gott, den Sch\u00f6pfer aller Dinge und seinen Sohn Jesus Christus unseren Herrn und Retter, und den Heiligen Geist. Die Ziele unserer Gemeinschaft wollen wir hier mit [&hellip;]<\/p>\n","protected":false},"author":3,"featured_media":0,"parent":0,"menu_order":0,"comment_status":"closed","ping_status":"closed","template":"","meta":{"footnotes":""},"class_list":["post-23","page","type-page","status-publish","hentry"],"_links":{"self":[{"href":"https:\/\/vorratshaus.lion-of-judah.net\/index.php?rest_route=\/wp\/v2\/pages\/23","targetHints":{"allow":["GET"]}}],"collection":[{"href":"https:\/\/vorratshaus.lion-of-judah.net\/index.php?rest_route=\/wp\/v2\/pages"}],"about":[{"href":"https:\/\/vorratshaus.lion-of-judah.net\/index.php?rest_route=\/wp\/v2\/types\/page"}],"author":[{"embeddable":true,"href":"https:\/\/vorratshaus.lion-of-judah.net\/index.php?rest_route=\/wp\/v2\/users\/3"}],"replies":[{"embeddable":true,"href":"https:\/\/vorratshaus.lion-of-judah.net\/index.php?rest_route=%2Fwp%2Fv2%2Fcomments&post=23"}],"version-history":[{"count":9,"href":"https:\/\/vorratshaus.lion-of-judah.net\/index.php?rest_route=\/wp\/v2\/pages\/23\/revisions"}],"predecessor-version":[{"id":3352,"href":"https:\/\/vorratshaus.lion-of-judah.net\/index.php?rest_route=\/wp\/v2\/pages\/23\/revisions\/3352"}],"wp:attachment":[{"href":"https:\/\/vorratshaus.lion-of-judah.net\/index.php?rest_route=%2Fwp%2Fv2%2Fmedia&parent=23"}],"curies":[{"name":"wp","href":"https:\/\/api.w.org\/{rel}","templated":true}]}}